{"id":493,"date":"2019-11-14T15:32:02","date_gmt":"2019-11-14T14:32:02","guid":{"rendered":"http:\/\/titwazo.com\/?page_id=493"},"modified":"2023-01-30T20:33:14","modified_gmt":"2023-01-30T19:33:14","slug":"le-tempeh-cest-quoi","status":"publish","type":"page","link":"https:\/\/titwazo.com\/index.php\/le-tempeh-cest-quoi\/","title":{"rendered":"Le tempeh c&#8217;est quoi?"},"content":{"rendered":"\t\t<div data-elementor-type=\"wp-page\" data-elementor-id=\"493\" class=\"elementor elementor-493\" data-elementor-settings=\"[]\">\n\t\t\t\t\t\t<div class=\"elementor-inner\">\n\t\t\t\t\t\t\t<div class=\"elementor-section-wrap\">\n\t\t\t\t\t\t\t<section class=\"elementor-section elementor-top-section elementor-element elementor-element-1de65322 elementor-section-boxed elementor-section-height-default elementor-section-height-default\" data-id=\"1de65322\" data-element_type=\"section\" data-settings=\"{&quot;background_background&quot;:&quot;classic&quot;}\">\n\t\t\t\t\t\t<div class=\"elementor-container elementor-column-gap-default\">\n\t\t\t\t\t\t\t<div class=\"elementor-row\">\n\t\t\t\t\t<div class=\"elementor-column elementor-col-100 elementor-top-column elementor-element elementor-element-7a8e67fd\" data-id=\"7a8e67fd\" data-element_type=\"column\">\n\t\t\t<div class=\"elementor-column-wrap elementor-element-populated\">\n\t\t\t\t\t\t\t<div class=\"elementor-widget-wrap\">\n\t\t\t\t\t\t<div class=\"elementor-element elementor-element-5096039d elementor-widget elementor-widget-heading\" data-id=\"5096039d\" data-element_type=\"widget\" data-widget_type=\"heading.default\">\n\t\t\t\t<div class=\"elementor-widget-container\">\n\t\t\t<h3 class=\"elementor-heading-title elementor-size-large\">Connaissez-vous le tempeh?<\/h3>\t\t<\/div>\n\t\t\t\t<\/div>\n\t\t\t\t<section class=\"elementor-section elementor-inner-section elementor-element elementor-element-7edc0add elementor-section-height-min-height elementor-section-content-middle elementor-section-boxed elementor-section-height-default\" data-id=\"7edc0add\" data-element_type=\"section\" data-settings=\"{&quot;background_background&quot;:&quot;classic&quot;}\">\n\t\t\t\t\t\t<div class=\"elementor-container elementor-column-gap-no\">\n\t\t\t\t\t\t\t<div class=\"elementor-row\">\n\t\t\t\t\t<div class=\"elementor-column elementor-col-50 elementor-inner-column elementor-element elementor-element-645cae49\" data-id=\"645cae49\" data-element_type=\"column\" data-settings=\"{&quot;background_background&quot;:&quot;classic&quot;}\">\n\t\t\t<div class=\"elementor-column-wrap elementor-element-populated\">\n\t\t\t\t\t\t\t<div class=\"elementor-widget-wrap\">\n\t\t\t\t\t\t<div class=\"elementor-element elementor-element-51bd729a elementor-widget elementor-widget-spacer\" data-id=\"51bd729a\" data-element_type=\"widget\" data-widget_type=\"spacer.default\">\n\t\t\t\t<div class=\"elementor-widget-container\">\n\t\t\t\t\t<div class=\"elementor-spacer\">\n\t\t\t<div class=\"elementor-spacer-inner\"><\/div>\n\t\t<\/div>\n\t\t\t\t<\/div>\n\t\t\t\t<\/div>\n\t\t\t\t\t\t<\/div>\n\t\t\t\t\t<\/div>\n\t\t<\/div>\n\t\t\t\t<div class=\"elementor-column elementor-col-50 elementor-inner-column elementor-element elementor-element-54b6268e\" data-id=\"54b6268e\" data-element_type=\"column\">\n\t\t\t<div class=\"elementor-column-wrap elementor-element-populated\">\n\t\t\t\t\t\t\t<div class=\"elementor-widget-wrap\">\n\t\t\t\t\t\t<div class=\"elementor-element elementor-element-2a1f8f59 elementor-widget elementor-widget-heading\" data-id=\"2a1f8f59\" data-element_type=\"widget\" data-widget_type=\"heading.default\">\n\t\t\t\t<div class=\"elementor-widget-container\">\n\t\t\t<h2 class=\"elementor-heading-title elementor-size-large\">Le tempeh, c'est quoi? <\/h2>\t\t<\/div>\n\t\t\t\t<\/div>\n\t\t\t\t<div class=\"elementor-element elementor-element-11aed52b elementor-widget elementor-widget-text-editor\" data-id=\"11aed52b\" data-element_type=\"widget\" data-widget_type=\"text-editor.default\">\n\t\t\t\t<div class=\"elementor-widget-container\">\n\t\t\t\t\t<div class=\"elementor-text-editor elementor-clearfix\"><p><span style=\"font-family: Dosis, dosis; font-size: 18px; font-style: normal; font-weight: 400; text-align: justify;\">Le tempeh se constitue de graines de sojas et d\u2019un champignon au nom un peu \u00e9trange : le rhizopus oligosporus.<\/span><\/p><p><span style=\"font-family: Dosis, dosis; font-size: 18px; font-style: normal; font-weight: 400; text-align: justify;\">Les graines de soja sont cuites et d\u00e9pellicul\u00e9es puis ensemenc\u00e9es avec les spores du champignon. La fermentation peut alors commencer, elle durera quelques jours \u00e0 une temp\u00e9rature d\u2019environ 30 degr\u00e9s. Pendant cette \u00e9tape, le champignon va se d\u00e9velopper autour des graines de soja et les lier entre elles.<\/span><\/p><\/div>\n\t\t\t\t<\/div>\n\t\t\t\t<\/div>\n\t\t\t\t\t\t<\/div>\n\t\t\t\t\t<\/div>\n\t\t<\/div>\n\t\t\t\t\t\t\t\t<\/div>\n\t\t\t\t\t<\/div>\n\t\t<\/section>\n\t\t\t\t<div class=\"elementor-element elementor-element-dbe490d elementor-widget elementor-widget-spacer\" data-id=\"dbe490d\" data-element_type=\"widget\" data-widget_type=\"spacer.default\">\n\t\t\t\t<div class=\"elementor-widget-container\">\n\t\t\t\t\t<div class=\"elementor-spacer\">\n\t\t\t<div class=\"elementor-spacer-inner\"><\/div>\n\t\t<\/div>\n\t\t\t\t<\/div>\n\t\t\t\t<\/div>\n\t\t\t\t<section class=\"elementor-section elementor-inner-section elementor-element elementor-element-6eb358d8 elementor-section-height-min-height elementor-section-content-middle elementor-section-boxed elementor-section-height-default\" data-id=\"6eb358d8\" data-element_type=\"section\" data-settings=\"{&quot;background_background&quot;:&quot;classic&quot;}\">\n\t\t\t\t\t\t<div class=\"elementor-container elementor-column-gap-no\">\n\t\t\t\t\t\t\t<div class=\"elementor-row\">\n\t\t\t\t\t<div class=\"elementor-column elementor-col-50 elementor-inner-column elementor-element elementor-element-32ae515d\" data-id=\"32ae515d\" data-element_type=\"column\" data-settings=\"{&quot;background_background&quot;:&quot;classic&quot;}\">\n\t\t\t<div class=\"elementor-column-wrap elementor-element-populated\">\n\t\t\t\t\t\t\t<div class=\"elementor-widget-wrap\">\n\t\t\t\t\t\t<div class=\"elementor-element elementor-element-4a7721ca elementor-widget elementor-widget-spacer\" data-id=\"4a7721ca\" data-element_type=\"widget\" data-widget_type=\"spacer.default\">\n\t\t\t\t<div class=\"elementor-widget-container\">\n\t\t\t\t\t<div class=\"elementor-spacer\">\n\t\t\t<div class=\"elementor-spacer-inner\"><\/div>\n\t\t<\/div>\n\t\t\t\t<\/div>\n\t\t\t\t<\/div>\n\t\t\t\t\t\t<\/div>\n\t\t\t\t\t<\/div>\n\t\t<\/div>\n\t\t\t\t<div class=\"elementor-column elementor-col-50 elementor-inner-column elementor-element elementor-element-74c4ff1a\" data-id=\"74c4ff1a\" data-element_type=\"column\">\n\t\t\t<div class=\"elementor-column-wrap elementor-element-populated\">\n\t\t\t\t\t\t\t<div class=\"elementor-widget-wrap\">\n\t\t\t\t\t\t<div class=\"elementor-element elementor-element-7fd21ce5 elementor-widget elementor-widget-heading\" data-id=\"7fd21ce5\" data-element_type=\"widget\" data-widget_type=\"heading.default\">\n\t\t\t\t<div class=\"elementor-widget-container\">\n\t\t\t<h2 class=\"elementor-heading-title elementor-size-large\">quel est le go\u00fbt du tempeh ?<\/h2>\t\t<\/div>\n\t\t\t\t<\/div>\n\t\t\t\t<div class=\"elementor-element elementor-element-1fc58a4 elementor-widget elementor-widget-spacer\" data-id=\"1fc58a4\" data-element_type=\"widget\" data-widget_type=\"spacer.default\">\n\t\t\t\t<div class=\"elementor-widget-container\">\n\t\t\t\t\t<div class=\"elementor-spacer\">\n\t\t\t<div class=\"elementor-spacer-inner\"><\/div>\n\t\t<\/div>\n\t\t\t\t<\/div>\n\t\t\t\t<\/div>\n\t\t\t\t<div class=\"elementor-element elementor-element-73ad8c59 elementor-widget elementor-widget-text-editor\" data-id=\"73ad8c59\" data-element_type=\"widget\" data-widget_type=\"text-editor.default\">\n\t\t\t\t<div class=\"elementor-widget-container\">\n\t\t\t\t\t<div class=\"elementor-text-editor elementor-clearfix\"><p style=\"font-size: 18px; font-style: normal; font-weight: 400; margin-bottom: 20px; color: #7a7a7a; letter-spacing: normal; font-variant-numeric: inherit; font-variant-east-asian: inherit; font-stretch: inherit; line-height: inherit; font-family: Dosis, dosis; text-align: justify;\"><span style=\"font-size: 18px; font-style: normal; font-weight: 400;\">Une fois la fermentation termin\u00e9e, le Tempeh a une texture ferme et l\u00e9g\u00e8re avec une cro\u00fbte semblable \u00e0 celle d\u2019un fromage comme le brie,\u00a0<\/span><\/p><p style=\"font-size: 18px; font-style: normal; font-weight: 400; margin-bottom: 20px; color: #7a7a7a; letter-spacing: normal; font-variant-numeric: inherit; font-variant-east-asian: inherit; font-stretch: inherit; line-height: inherit; font-family: Dosis, dosis; text-align: justify;\">Comme il est issu de la fermentation, vous y trouverez des subtiles notes de noix et de champignon.\u00a0<\/p><p style=\"font-size: 18px; font-style: normal; font-weight: 400; margin-bottom: 20px; color: #7a7a7a; letter-spacing: normal; font-variant-numeric: inherit; font-variant-east-asian: inherit; font-stretch: inherit; line-height: inherit; font-family: Dosis, dosis; text-align: justify;\">Il fait parti des cinq go\u00fbts mais n\u2019est ni sal\u00e9, sucr\u00e9, acide ou amer, sa saveur est dite umami ! Ce mot signifiant\u00a0<span style=\"font-size: 18px; font-style: normal; font-weight: 400;\">&#8220;<\/span><span style=\"font-size: 18px; font-style: normal; font-weight: 400;\">d\u00e9licieux, savoureux<\/span><span style=\"font-size: 18px; font-style: normal; font-weight: 400;\">&#8220;<\/span><span style=\"font-size: 18px; font-style: normal; font-weight: 400;\">\u00a0en japonais traduit une saveur\u00a0<\/span><span style=\"font-size: 18px; font-style: normal; font-weight: 400;\">&#8220;<\/span><span style=\"font-size: 18px; font-style: normal; font-weight: 400;\">tr\u00e8s app\u00e9tante, ronde et gourmande, l\u00e9g\u00e8rement saline, qui donne envie d&#8217;y revenir&#8221;.<\/span><\/p><\/div>\n\t\t\t\t<\/div>\n\t\t\t\t<\/div>\n\t\t\t\t\t\t<\/div>\n\t\t\t\t\t<\/div>\n\t\t<\/div>\n\t\t\t\t\t\t\t\t<\/div>\n\t\t\t\t\t<\/div>\n\t\t<\/section>\n\t\t\t\t<div class=\"elementor-element elementor-element-9796e21 elementor-widget elementor-widget-spacer\" data-id=\"9796e21\" data-element_type=\"widget\" data-widget_type=\"spacer.default\">\n\t\t\t\t<div class=\"elementor-widget-container\">\n\t\t\t\t\t<div class=\"elementor-spacer\">\n\t\t\t<div class=\"elementor-spacer-inner\"><\/div>\n\t\t<\/div>\n\t\t\t\t<\/div>\n\t\t\t\t<\/div>\n\t\t\t\t<section class=\"elementor-section elementor-inner-section elementor-element elementor-element-513e2f58 elementor-section-height-min-height elementor-section-content-middle elementor-section-boxed elementor-section-height-default\" data-id=\"513e2f58\" data-element_type=\"section\" data-settings=\"{&quot;background_background&quot;:&quot;classic&quot;}\">\n\t\t\t\t\t\t<div class=\"elementor-container elementor-column-gap-no\">\n\t\t\t\t\t\t\t<div class=\"elementor-row\">\n\t\t\t\t\t<div class=\"elementor-column elementor-col-50 elementor-inner-column elementor-element elementor-element-2af8ecb6\" data-id=\"2af8ecb6\" data-element_type=\"column\" data-settings=\"{&quot;background_background&quot;:&quot;classic&quot;}\">\n\t\t\t<div class=\"elementor-column-wrap elementor-element-populated\">\n\t\t\t\t\t\t\t<div class=\"elementor-widget-wrap\">\n\t\t\t\t\t\t<div class=\"elementor-element elementor-element-4d05298a elementor-widget elementor-widget-spacer\" data-id=\"4d05298a\" data-element_type=\"widget\" data-widget_type=\"spacer.default\">\n\t\t\t\t<div class=\"elementor-widget-container\">\n\t\t\t\t\t<div class=\"elementor-spacer\">\n\t\t\t<div class=\"elementor-spacer-inner\"><\/div>\n\t\t<\/div>\n\t\t\t\t<\/div>\n\t\t\t\t<\/div>\n\t\t\t\t\t\t<\/div>\n\t\t\t\t\t<\/div>\n\t\t<\/div>\n\t\t\t\t<div class=\"elementor-column elementor-col-50 elementor-inner-column elementor-element elementor-element-5eb2d725\" data-id=\"5eb2d725\" data-element_type=\"column\">\n\t\t\t<div class=\"elementor-column-wrap elementor-element-populated\">\n\t\t\t\t\t\t\t<div class=\"elementor-widget-wrap\">\n\t\t\t\t\t\t<div class=\"elementor-element elementor-element-75e5d042 elementor-widget elementor-widget-heading\" data-id=\"75e5d042\" data-element_type=\"widget\" data-widget_type=\"heading.default\">\n\t\t\t\t<div class=\"elementor-widget-container\">\n\t\t\t<h2 class=\"elementor-heading-title elementor-size-large\">ses origines<\/h2>\t\t<\/div>\n\t\t\t\t<\/div>\n\t\t\t\t<div class=\"elementor-element elementor-element-4d1f17cb elementor-widget elementor-widget-text-editor\" data-id=\"4d1f17cb\" data-element_type=\"widget\" data-widget_type=\"text-editor.default\">\n\t\t\t\t<div class=\"elementor-widget-container\">\n\t\t\t\t\t<div class=\"elementor-text-editor elementor-clearfix\"><p>Encore peu connu en France le tempeh est un aliment ancestral originaire d&#8217;un magnifique pays : l&#8217;Indon\u00e9sie.<\/p><p>Il serait apparu il y a environ 2000 ans sur l&#8217;\u00eele de java par les premiers \u00e9changes commerciaux avec la Chine.<\/p><p>Le tempeh est aujourd\u2019hui tr\u00e8s r\u00e9pandu en Indon\u00e9sie, 60 % de la production de soja est utilis\u00e9e pour la fabrication de tempeh.\u00a0Il repr\u00e9sente une part importante de prot\u00e9ine pour les Indon\u00e9siens dans ce pays o\u00f9 la viande est trop ch\u00e8re pour \u00eatre consomm\u00e9e quotidiennement.\u00a0<\/p><\/div>\n\t\t\t\t<\/div>\n\t\t\t\t<\/div>\n\t\t\t\t\t\t<\/div>\n\t\t\t\t\t<\/div>\n\t\t<\/div>\n\t\t\t\t\t\t\t\t<\/div>\n\t\t\t\t\t<\/div>\n\t\t<\/section>\n\t\t\t\t<div class=\"elementor-element elementor-element-ea26c58 elementor-widget elementor-widget-spacer\" data-id=\"ea26c58\" data-element_type=\"widget\" data-widget_type=\"spacer.default\">\n\t\t\t\t<div class=\"elementor-widget-container\">\n\t\t\t\t\t<div class=\"elementor-spacer\">\n\t\t\t<div class=\"elementor-spacer-inner\"><\/div>\n\t\t<\/div>\n\t\t\t\t<\/div>\n\t\t\t\t<\/div>\n\t\t\t\t<section class=\"elementor-section elementor-inner-section elementor-element elementor-element-6e6f75c elementor-section-height-min-height elementor-section-content-top elementor-section-full_width elementor-section-height-default\" data-id=\"6e6f75c\" data-element_type=\"section\" data-settings=\"{&quot;background_background&quot;:&quot;classic&quot;}\">\n\t\t\t\t\t\t<div class=\"elementor-container elementor-column-gap-no\">\n\t\t\t\t\t\t\t<div class=\"elementor-row\">\n\t\t\t\t\t<div class=\"elementor-column elementor-col-50 elementor-inner-column elementor-element elementor-element-ede7256\" data-id=\"ede7256\" data-element_type=\"column\" data-settings=\"{&quot;background_background&quot;:&quot;classic&quot;}\">\n\t\t\t<div class=\"elementor-column-wrap elementor-element-populated\">\n\t\t\t\t\t\t\t<div class=\"elementor-widget-wrap\">\n\t\t\t\t\t\t<div class=\"elementor-element elementor-element-0c15b11 elementor-widget elementor-widget-spacer\" data-id=\"0c15b11\" data-element_type=\"widget\" data-widget_type=\"spacer.default\">\n\t\t\t\t<div class=\"elementor-widget-container\">\n\t\t\t\t\t<div class=\"elementor-spacer\">\n\t\t\t<div class=\"elementor-spacer-inner\"><\/div>\n\t\t<\/div>\n\t\t\t\t<\/div>\n\t\t\t\t<\/div>\n\t\t\t\t\t\t<\/div>\n\t\t\t\t\t<\/div>\n\t\t<\/div>\n\t\t\t\t<div class=\"elementor-column elementor-col-50 elementor-inner-column elementor-element elementor-element-db31d07\" data-id=\"db31d07\" data-element_type=\"column\">\n\t\t\t<div class=\"elementor-column-wrap elementor-element-populated\">\n\t\t\t\t\t\t\t<div class=\"elementor-widget-wrap\">\n\t\t\t\t\t\t<div class=\"elementor-element elementor-element-239d17e elementor-widget elementor-widget-heading\" data-id=\"239d17e\" data-element_type=\"widget\" data-widget_type=\"heading.default\">\n\t\t\t\t<div class=\"elementor-widget-container\">\n\t\t\t<h2 class=\"elementor-heading-title elementor-size-large\">le chant de titwazo<\/h2>\t\t<\/div>\n\t\t\t\t<\/div>\n\t\t\t\t<div class=\"elementor-element elementor-element-c64bc07 elementor-widget elementor-widget-text-editor\" data-id=\"c64bc07\" data-element_type=\"widget\" data-widget_type=\"text-editor.default\">\n\t\t\t\t<div class=\"elementor-widget-container\">\n\t\t\t\t\t<div class=\"elementor-text-editor elementor-clearfix\"><p>L&#8217;entreprise Titwazo a \u00e9t\u00e9 cr\u00e9ee autour de diff\u00e9rents principes qui nous sont chers :&nbsp; proposer un produit de tr\u00e8s bonne qualit\u00e9 nutritionnelle, produit localement avec des ingr\u00e9dients simples et non transform\u00e9s.<\/p>\n<p>De plus, et comme il est riche en prot\u00e9ines v\u00e9g\u00e9tales, le tempeh permet de remplacer la viande tout en luttant contre les cons\u00e9quences d\u00e9sastreuses de l&#8217;\u00e9levage intensif (destruction des sols, gaspillage des ressources, pollution, exploitation animale).<\/p><\/div>\n\t\t\t\t<\/div>\n\t\t\t\t<\/div>\n\t\t\t\t\t\t<\/div>\n\t\t\t\t\t<\/div>\n\t\t<\/div>\n\t\t\t\t\t\t\t\t<\/div>\n\t\t\t\t\t<\/div>\n\t\t<\/section>\n\t\t\t\t\t\t<\/div>\n\t\t\t\t\t<\/div>\n\t\t<\/div>\n\t\t\t\t\t\t\t\t<\/div>\n\t\t\t\t\t<\/div>\n\t\t<\/section>\n\t\t\t\t\t\t<\/div>\n\t\t\t\t\t\t<\/div>\n\t\t\t\t\t<\/div>\n\t\t","protected":false},"excerpt":{"rendered":"<p>Connaissez-vous le tempeh? Le tempeh, c&#8217;est quoi? Le tempeh se constitue de graines de sojas et d\u2019un champignon au nom un peu \u00e9trange : le rhizopus oligosporus. Les graines de soja sont cuites et d\u00e9pellicul\u00e9es puis ensemenc\u00e9es avec les spores du champignon. La fermentation peut alors commencer, elle durera quelques jours \u00e0 une temp\u00e9rature d\u2019environ &hellip;<\/p>\n<p class=\"read-more\"> <a class=\"\" href=\"https:\/\/titwazo.com\/index.php\/le-tempeh-cest-quoi\/\"> <span class=\"screen-reader-text\">Le tempeh c&#8217;est quoi?<\/span> Lire la suite\u00a0\u00bb<\/a><\/p>\n","protected":false},"author":1,"featured_media":0,"parent":0,"menu_order":0,"comment_status":"closed","ping_status":"closed","template":"","meta":[],"_links":{"self":[{"href":"https:\/\/titwazo.com\/index.php\/wp-json\/wp\/v2\/pages\/493"}],"collection":[{"href":"https:\/\/titwazo.com\/index.php\/wp-json\/wp\/v2\/pages"}],"about":[{"href":"https:\/\/titwazo.com\/index.php\/wp-json\/wp\/v2\/types\/page"}],"author":[{"embeddable":true,"href":"https:\/\/titwazo.com\/index.php\/wp-json\/wp\/v2\/users\/1"}],"replies":[{"embeddable":true,"href":"https:\/\/titwazo.com\/index.php\/wp-json\/wp\/v2\/comments?post=493"}],"version-history":[{"count":33,"href":"https:\/\/titwazo.com\/index.php\/wp-json\/wp\/v2\/pages\/493\/revisions"}],"predecessor-version":[{"id":1304,"href":"https:\/\/titwazo.com\/index.php\/wp-json\/wp\/v2\/pages\/493\/revisions\/1304"}],"wp:attachment":[{"href":"https:\/\/titwazo.com\/index.php\/wp-json\/wp\/v2\/media?parent=493"}],"curies":[{"name":"wp","href":"https:\/\/api.w.org\/{rel}","templated":true}]}}